{"id":1238,"date":"2023-08-19T11:09:01","date_gmt":"2023-08-19T09:09:01","guid":{"rendered":"https:\/\/nearo.eu\/product\/connected-pet-tag-cat-pichi\/"},"modified":"2023-09-16T12:10:44","modified_gmt":"2023-09-16T10:10:44","slug":"medaillon-connecte-pour-animaux-chat-pichi","status":"publish","type":"product","link":"https:\/\/www.nearo.eu\/en\/product\/medaillon-connecte-pour-animaux-chat-pichi\/","title":{"rendered":"Connected pet tag \u2013 Cat &#8211; Pichi"},"content":{"rendered":"<p style=\"font-weight: 400;\">Connected pet tags with NFC and QR code are designed to offer a convenient and secure solution to identify your pets. They are made using state-of-the-art technologies to make it easy to identify your pets.<\/p>\n<h2 style=\"font-weight: 400;\"><strong>Features :<\/strong><\/h2>\n<p style=\"font-weight: 400;\"><strong>NFC<\/strong>: Connected pet tags are equipped with an integrated NFC chip that allows short-range wireless communication with NFC-enabled smartphones. Simply bring the connected animal tags closer to the smartphone to be redirected to a personalized web page containing the information of the animal and its owner.<\/p>\n<p style=\"font-weight: 400;\"><strong>QR code<\/strong>: The connected animal tags also have a printed QR code that can be scanned using the photo application on your smartphone. The QR code redirects users to a personalized web page containing your pet and owner information.<\/p>\n<p style=\"font-weight: 400;\"><strong>Digital Format: Pet tag information is fully customizable and can include pet&#8217;s name, and owner&#8217;s name, address, phone number, email, etc.<\/strong><\/p>\n<p style=\"font-weight: 400;\"><strong>Benefits :<\/strong><\/p>\n<p style=\"font-weight: 400;\"><strong>Safety<\/strong>: Our smart pet tags are designed to ensure your pet&#8217;s safety at all times. In the event of a runaway or loss, the NFC and QR code technology of the medallion allows anyone to quickly find the owner of the animal by scanning the QR code or by bringing the smartphone equipped with NFC closer. Thus all the information of the animal and its owner is displayed instantly.<\/p>\n<p style=\"font-weight: 400;\"><strong>Personalization<\/strong>: Here you can insert the important information, such as the pet&#8217;s name, contact details and any other relevant details.<\/p>\n<p style=\"font-weight: 400;\"><strong>Peace of mind<\/strong>: With our connected pet tags, you can have peace of mind knowing that your pet is protected at all times.<\/p>\n<p style=\"font-weight: 400;\"><strong>Compatibility<\/strong>: Our connected animal tags are compatible with most recent smartphones allowing you easy and quick use.<\/p>\n<p style=\"font-weight: 400;\"><strong>Durability<\/strong>: Our connected animal tags are very light, robust and resistant.<\/p>\n<p style=\"font-weight: 400;\"><strong>Innovation<\/strong>: Our connected tags are the perfect accessory for all pets.<\/p>\n<p style=\"font-weight: 400;\"><strong>User-friendly<\/strong>: No app or technical skills needed \u2013 just bring your smartphone closer or scan QR code with your smartphone&#8217;s photo app and you&#8217;ll be automatically logged into our user-friendly user interface.<\/p>\n<p style=\"font-weight: 400;\"><strong>Multilingual<\/strong>: The information of the connected animal tags can be personalized in different languages to facilitate communication with people who find your animals in different countries.<\/p>\n<p style=\"font-weight: 400;\"><strong>Recommended Uses<\/strong>: Pet Tags are ideal for owners of pets such as dogs, cats, and other pets.<\/p>\n","protected":false},"excerpt":{"rendered":"<ul>\n<li>Built-in NFC, printed QR code.<\/li>\n<li>Without subscription, Without application<\/li>\n<li>Advantages: innovation, quick search, peace of mind, durability, compatibility, user-friendly, customization, multilingual<\/li>\n<li>Recommended uses: For all pets such as dogs, cats, etc.<\/li>\n<\/ul>\n","protected":false},"featured_media":1058,"template":"","meta":[],"etheme_brands":[{"term_id":38,"name":"Nearo","slug":"nearo","term_group":0,"term_taxonomy_id":38,"taxonomy":"brand","description":"<div class=\"flex-1 overflow-hidden\">\r\n<div class=\"react-scroll-to-bottom--css-vgzeb-79elbk h-full dark:bg-gray-800\">\r\n<div class=\"react-scroll-to-bottom--css-vgzeb-1n7m0yu\">\r\n<div class=\"flex flex-col text-sm dark:bg-gray-800\">\r\n<div class=\"group w-full text-token-text-primary border-b border-black\/10 dark:border-gray-900\/50 bg-gray-50 dark:bg-[#444654]\" data-testid=\"conversation-turn-3\">\r\n<div class=\"p-4 justify-center text-base md:gap-6 md:py-6 m-auto\">\r\n<div class=\"flex flex-1 gap-4 text-base mx-auto md:gap-6 md:max-w-2xl lg:max-w-[38rem] xl:max-w-3xl }\">\r\n<div class=\"relative flex w-[calc(100%-50px)] flex-col gap-1 md:gap-3 lg:w-[calc(100%-115px)]\">\r\n<div class=\"flex flex-grow flex-col gap-3 max-w-full\">\r\n<div class=\"min-h-[20px] flex flex-col items-start gap-3 overflow-x-auto whitespace-pre-wrap break-words\">\r\n<div class=\"markdown prose w-full break-words dark:prose-invert light\">\r\n\r\nNearo est une entreprise innovante sp\u00e9cialis\u00e9e dans la fabrication et la vente de produits NFC et QR code, offrant des solutions connect\u00e9es pour simplifier votre quotidien. Notre mission est de transformer la mani\u00e8re dont vous interagissez avec le monde qui vous entoure en int\u00e9grant la technologie NFC (Near Field Communication) et les QR codes dans des produits pratiques et \u00e9l\u00e9gants. Voici un aper\u00e7u de notre gamme de produits :\r\n<ol>\r\n \t<li><strong>Carte de visite connect\u00e9e<\/strong> : Nos cartes de visite connect\u00e9es offrent une mani\u00e8re rapide et pratique de partager vos informations de contact professionnelles avec les autres, sans avoir besoin d\u2019imprimer des cartes de visite en papier. Gr\u00e2ce \u00e0 la technologie NFC et aux QR codes, elles permettent \u00e0 vos contacts de scanner facilement vos informations professionnelles et de se connecter \u00e0 votre r\u00e9seau en un instant. Nearo simplifie vos \u00e9changes professionnels.<\/li>\r\n \t<li><strong>Carte avis connect\u00e9e<\/strong> : Pour les entreprises cherchant \u00e0 recueillir des avis clients en temps r\u00e9el, nos cartes avis connect\u00e9es sont la solution id\u00e9ale. Les clients peuvent scanner le QR code ou bien simplement approcher leur smartphone pour laisser un avis ou des commentaires sur votre service ou produit, vous aidant ainsi \u00e0 am\u00e9liorer constamment votre qualit\u00e9.<\/li>\r\n \t<li><strong>\u00c9tiquette de bagage connect\u00e9e<\/strong> : Ne perdez plus jamais votre bagage ! Nos \u00e9tiquettes de bagage connect\u00e9es sont \u00e9quip\u00e9es d'une puce NFC et d'un code QR qui permettent aux compagnies a\u00e9riennes ou aux voyageurs de retrouver rapidement les propri\u00e9taires en cas de perte. Voyagez l'esprit tranquille avec Nearo.<\/li>\r\n \t<li><strong>M\u00e9daillon connect\u00e9 pour animaux<\/strong> : La s\u00e9curit\u00e9 de vos animaux de compagnie est essentielle, et c'est pourquoi nous proposons des m\u00e9daillons NFC et QR code. En les attachant au collier de votre animal, vous assurez une identification rapide en cas de perte, offrant ainsi une tranquillit\u00e9 d'esprit suppl\u00e9mentaire.<\/li>\r\n<\/ol>\r\nChez Nearo, nous nous engageons \u00e0 fournir des produits de qualit\u00e9 sup\u00e9rieure, \u00e0 la pointe de la technologie, qui simplifient votre vie quotidienne et am\u00e9liorent votre exp\u00e9rience professionnelle et personnelle. Nos produits sont con\u00e7us avec \u00e9l\u00e9gance et sont faciles \u00e0 utiliser, garantissant une adoption fluide de la technologie NFC et QR code par tous. Rejoignez-nous dans notre voyage pour rendre le monde plus connect\u00e9 et plus efficace gr\u00e2ce \u00e0 Nearo.\r\n\r\n<\/div>\r\n<\/div>\r\n<\/div>\r\n<\/div>\r\n<\/div>\r\n<\/div>\r\n<\/div>\r\n<\/div>\r\n<\/div>\r\n<\/div>\r\n<\/div>","parent":0,"count":32,"filter":"raw"}],"product_brand":[],"product_cat":[36],"product_tag":[],"class_list":{"0":"post-1238","1":"product","2":"type-product","3":"status-publish","4":"has-post-thumbnail","6":"brand-nearo","7":"product_cat-connected-pet-tag","8":"product_shipping_class-livraison-gratuit","10":"first","11":"instock","12":"featured","13":"shipping-taxable","14":"purchasable","15":"product-type-simple"},"yoast_head":"<!-- This site is optimized with the Yoast SEO Premium plugin v20.13 (Yoast SEO v25.2) - https:\/\/yoast.com\/wordpress\/plugins\/seo\/ -->\n<title>Nearo - Connected pet tag \u2013 Cat - Pichi<\/title>\n<meta name=\"description\" content=\"Connected pets tags with NFC and QR code, a secure solution to identify your animals. Allows you to quickly find your animals.\" \/>\n<meta name=\"robots\" content=\"index, follow, max-snippet:-1, max-image-preview:large, max-video-preview:-1\" \/>\n<link rel=\"canonical\" href=\"https:\/\/www.nearo.eu\/en\/product\/medaillon-connecte-pour-animaux-chat-pichi\/\" \/>\n<meta property=\"og:locale\" content=\"en_US\" \/>\n<meta property=\"og:type\" content=\"article\" \/>\n<meta property=\"og:title\" content=\"Nearo - Connected pet tag \u2013 Cat - Pichi\" \/>\n<meta property=\"og:description\" content=\"Connected pets tags with NFC and QR code, a secure solution to identify your animals. Allows you to quickly find your animals.\" \/>\n<meta property=\"og:url\" content=\"https:\/\/www.nearo.eu\/en\/product\/medaillon-connecte-pour-animaux-chat-pichi\/\" \/>\n<meta property=\"og:site_name\" content=\"Simplify your communication with Nearo\" \/>\n<meta property=\"article:publisher\" content=\"https:\/\/www.facebook.com\/nearo.eu\" \/>\n<meta property=\"article:modified_time\" content=\"2023-09-16T10:10:44+00:00\" \/>\n<meta property=\"og:image\" content=\"https:\/\/nearo.eu\/wp-content\/uploads\/2023\/08\/pichi-2.jpg\" \/>\n\t<meta property=\"og:image:width\" content=\"600\" \/>\n\t<meta property=\"og:image:height\" content=\"600\" \/>\n\t<meta property=\"og:image:type\" content=\"image\/jpeg\" \/>\n<meta name=\"twitter:card\" content=\"summary_large_image\" \/>\n<meta name=\"twitter:title\" content=\"Connected pets tags with NFC and QR code, a secure solution to identify your animals. Allows you to quickly find your animals.\" \/>\n<meta name=\"twitter:description\" content=\"Connected pets tags with NFC and QR code, a secure solution to identify your animals. Allows you to quickly find your animals.\" \/>\n<meta name=\"twitter:label1\" content=\"Price\" \/>\n\t<meta name=\"twitter:data1\" content=\"29,95&euro;\" \/>\n\t<meta name=\"twitter:label2\" content=\"Availability\" \/>\n\t<meta name=\"twitter:data2\" content=\"In stock\" \/>\n<script type=\"application\/ld+json\" class=\"yoast-schema-graph\">{\"@context\":\"https:\/\/schema.org\",\"@graph\":[{\"@type\":\"WebPage\",\"@id\":\"https:\/\/www.nearo.eu\/en\/product\/medaillon-connecte-pour-animaux-chat-pichi\/\",\"url\":\"https:\/\/www.nearo.eu\/en\/product\/medaillon-connecte-pour-animaux-chat-pichi\/\",\"name\":\"Nearo - Connected pet tag \u2013 Cat - Pichi\",\"isPartOf\":{\"@id\":\"https:\/\/nearo.eu\/#website\"},\"primaryImageOfPage\":{\"@id\":\"https:\/\/www.nearo.eu\/en\/product\/medaillon-connecte-pour-animaux-chat-pichi\/#primaryimage\"},\"image\":{\"@id\":\"https:\/\/www.nearo.eu\/en\/product\/medaillon-connecte-pour-animaux-chat-pichi\/#primaryimage\"},\"thumbnailUrl\":\"https:\/\/www.nearo.eu\/wp-content\/uploads\/2023\/08\/pichi-2.jpg\",\"datePublished\":\"2023-08-19T09:09:01+00:00\",\"dateModified\":\"2023-09-16T10:10:44+00:00\",\"description\":\"Connected pets tags with NFC and QR code, a secure solution to identify your animals. Allows you to quickly find your animals.\",\"breadcrumb\":{\"@id\":\"https:\/\/www.nearo.eu\/en\/product\/medaillon-connecte-pour-animaux-chat-pichi\/#breadcrumb\"},\"inLanguage\":\"en-US\",\"potentialAction\":[{\"@type\":\"ReadAction\",\"target\":[\"https:\/\/www.nearo.eu\/en\/product\/medaillon-connecte-pour-animaux-chat-pichi\/\"]}]},{\"@type\":\"ImageObject\",\"inLanguage\":\"en-US\",\"@id\":\"https:\/\/www.nearo.eu\/en\/product\/medaillon-connecte-pour-animaux-chat-pichi\/#primaryimage\",\"url\":\"https:\/\/www.nearo.eu\/wp-content\/uploads\/2023\/08\/pichi-2.jpg\",\"contentUrl\":\"https:\/\/www.nearo.eu\/wp-content\/uploads\/2023\/08\/pichi-2.jpg\",\"width\":600,\"height\":600},{\"@type\":\"BreadcrumbList\",\"@id\":\"https:\/\/www.nearo.eu\/en\/product\/medaillon-connecte-pour-animaux-chat-pichi\/#breadcrumb\",\"itemListElement\":[{\"@type\":\"ListItem\",\"position\":1,\"name\":\"Shop\",\"item\":\"https:\/\/nearo.eu\/en\/shop-2\/\"},{\"@type\":\"ListItem\",\"position\":2,\"name\":\"Connected pet tag \u2013 Cat &#8211; Pichi\"}]},{\"@type\":\"WebSite\",\"@id\":\"https:\/\/nearo.eu\/#website\",\"url\":\"https:\/\/nearo.eu\/\",\"name\":\"Simplifiez votre communication avec Nearo\",\"description\":\"Simplify your communication with Nearo\",\"publisher\":{\"@id\":\"https:\/\/nearo.eu\/#organization\"},\"potentialAction\":[{\"@type\":\"SearchAction\",\"target\":{\"@type\":\"EntryPoint\",\"urlTemplate\":\"https:\/\/nearo.eu\/?s={search_term_string}\"},\"query-input\":{\"@type\":\"PropertyValueSpecification\",\"valueRequired\":true,\"valueName\":\"search_term_string\"}}],\"inLanguage\":\"en-US\"},{\"@type\":\"Organization\",\"@id\":\"https:\/\/nearo.eu\/#organization\",\"name\":\"Simplifiez votre communication avec Nearo\",\"url\":\"https:\/\/nearo.eu\/\",\"logo\":{\"@type\":\"ImageObject\",\"inLanguage\":\"en-US\",\"@id\":\"https:\/\/nearo.eu\/#\/schema\/logo\/image\/\",\"url\":\"https:\/\/nearo.eu\/wp-content\/uploads\/2023\/08\/logo.png\",\"contentUrl\":\"https:\/\/nearo.eu\/wp-content\/uploads\/2023\/08\/logo.png\",\"width\":1200,\"height\":300,\"caption\":\"Simplifiez votre communication avec Nearo\"},\"image\":{\"@id\":\"https:\/\/nearo.eu\/#\/schema\/logo\/image\/\"},\"sameAs\":[\"https:\/\/www.facebook.com\/nearo.eu\",\"https:\/\/www.instagram.com\/nearo.eu\",\"https:\/\/www.linkedin.com\/in\/nearo-eu\/\",\"https:\/\/www.pinterest.fr\/nearoeu\/\"],\"publishingPrinciples\":\"https:\/\/nearo.eu\/boutique-2\/\",\"ownershipFundingInfo\":\"https:\/\/nearo.eu\/boutique-2\/\",\"actionableFeedbackPolicy\":\"https:\/\/nearo.eu\/faq\/\"}]}<\/script>\n<meta property=\"product:price:amount\" content=\"29.95\" \/>\n<meta property=\"product:price:currency\" content=\"EUR\" \/>\n<meta property=\"og:availability\" content=\"instock\" \/>\n<meta property=\"product:availability\" content=\"instock\" \/>\n<meta property=\"product:retailer_item_id\" content=\"NR-MED-02-CAT\" \/>\n<meta property=\"product:condition\" content=\"new\" \/>\n<!-- \/ Yoast SEO Premium plugin. -->","yoast_head_json":{"title":"Nearo - Connected pet tag \u2013 Cat - Pichi","description":"Connected pets tags with NFC and QR code, a secure solution to identify your animals. Allows you to quickly find your animals.","robots":{"index":"index","follow":"follow","max-snippet":"max-snippet:-1","max-image-preview":"max-image-preview:large","max-video-preview":"max-video-preview:-1"},"canonical":"https:\/\/www.nearo.eu\/en\/product\/medaillon-connecte-pour-animaux-chat-pichi\/","og_locale":"en_US","og_type":"article","og_title":"Nearo - Connected pet tag \u2013 Cat - Pichi","og_description":"Connected pets tags with NFC and QR code, a secure solution to identify your animals. Allows you to quickly find your animals.","og_url":"https:\/\/www.nearo.eu\/en\/product\/medaillon-connecte-pour-animaux-chat-pichi\/","og_site_name":"Simplify your communication with Nearo","article_publisher":"https:\/\/www.facebook.com\/nearo.eu","article_modified_time":"2023-09-16T10:10:44+00:00","og_image":[{"width":600,"height":600,"url":"https:\/\/nearo.eu\/wp-content\/uploads\/2023\/08\/pichi-2.jpg","type":"image\/jpeg"}],"twitter_card":"summary_large_image","twitter_title":"Connected pets tags with NFC and QR code, a secure solution to identify your animals. Allows you to quickly find your animals.","twitter_description":"Connected pets tags with NFC and QR code, a secure solution to identify your animals. Allows you to quickly find your animals.","twitter_misc":{"Price":"29,95&euro;","Availability":"In stock"},"schema":{"@context":"https:\/\/schema.org","@graph":[{"@type":"WebPage","@id":"https:\/\/www.nearo.eu\/en\/product\/medaillon-connecte-pour-animaux-chat-pichi\/","url":"https:\/\/www.nearo.eu\/en\/product\/medaillon-connecte-pour-animaux-chat-pichi\/","name":"Nearo - Connected pet tag \u2013 Cat - Pichi","isPartOf":{"@id":"https:\/\/nearo.eu\/#website"},"primaryImageOfPage":{"@id":"https:\/\/www.nearo.eu\/en\/product\/medaillon-connecte-pour-animaux-chat-pichi\/#primaryimage"},"image":{"@id":"https:\/\/www.nearo.eu\/en\/product\/medaillon-connecte-pour-animaux-chat-pichi\/#primaryimage"},"thumbnailUrl":"https:\/\/www.nearo.eu\/wp-content\/uploads\/2023\/08\/pichi-2.jpg","datePublished":"2023-08-19T09:09:01+00:00","dateModified":"2023-09-16T10:10:44+00:00","description":"Connected pets tags with NFC and QR code, a secure solution to identify your animals. Allows you to quickly find your animals.","breadcrumb":{"@id":"https:\/\/www.nearo.eu\/en\/product\/medaillon-connecte-pour-animaux-chat-pichi\/#breadcrumb"},"inLanguage":"en-US","potentialAction":[{"@type":"ReadAction","target":["https:\/\/www.nearo.eu\/en\/product\/medaillon-connecte-pour-animaux-chat-pichi\/"]}]},{"@type":"ImageObject","inLanguage":"en-US","@id":"https:\/\/www.nearo.eu\/en\/product\/medaillon-connecte-pour-animaux-chat-pichi\/#primaryimage","url":"https:\/\/www.nearo.eu\/wp-content\/uploads\/2023\/08\/pichi-2.jpg","contentUrl":"https:\/\/www.nearo.eu\/wp-content\/uploads\/2023\/08\/pichi-2.jpg","width":600,"height":600},{"@type":"BreadcrumbList","@id":"https:\/\/www.nearo.eu\/en\/product\/medaillon-connecte-pour-animaux-chat-pichi\/#breadcrumb","itemListElement":[{"@type":"ListItem","position":1,"name":"Shop","item":"https:\/\/nearo.eu\/en\/shop-2\/"},{"@type":"ListItem","position":2,"name":"Connected pet tag \u2013 Cat &#8211; Pichi"}]},{"@type":"WebSite","@id":"https:\/\/nearo.eu\/#website","url":"https:\/\/nearo.eu\/","name":"Simplifiez votre communication avec Nearo","description":"Simplify your communication with Nearo","publisher":{"@id":"https:\/\/nearo.eu\/#organization"},"potentialAction":[{"@type":"SearchAction","target":{"@type":"EntryPoint","urlTemplate":"https:\/\/nearo.eu\/?s={search_term_string}"},"query-input":{"@type":"PropertyValueSpecification","valueRequired":true,"valueName":"search_term_string"}}],"inLanguage":"en-US"},{"@type":"Organization","@id":"https:\/\/nearo.eu\/#organization","name":"Simplifiez votre communication avec Nearo","url":"https:\/\/nearo.eu\/","logo":{"@type":"ImageObject","inLanguage":"en-US","@id":"https:\/\/nearo.eu\/#\/schema\/logo\/image\/","url":"https:\/\/nearo.eu\/wp-content\/uploads\/2023\/08\/logo.png","contentUrl":"https:\/\/nearo.eu\/wp-content\/uploads\/2023\/08\/logo.png","width":1200,"height":300,"caption":"Simplifiez votre communication avec Nearo"},"image":{"@id":"https:\/\/nearo.eu\/#\/schema\/logo\/image\/"},"sameAs":["https:\/\/www.facebook.com\/nearo.eu","https:\/\/www.instagram.com\/nearo.eu","https:\/\/www.linkedin.com\/in\/nearo-eu\/","https:\/\/www.pinterest.fr\/nearoeu\/"],"publishingPrinciples":"https:\/\/nearo.eu\/boutique-2\/","ownershipFundingInfo":"https:\/\/nearo.eu\/boutique-2\/","actionableFeedbackPolicy":"https:\/\/nearo.eu\/faq\/"}]},"product_price_amount":"29.95","product_price_currency":"EUR","og_availability":"instock","product_availability":"instock","product_retailer_item_id":"NR-MED-02-CAT","product_condition":"new"},"_links":{"self":[{"href":"https:\/\/www.nearo.eu\/en\/wp-json\/wp\/v2\/product\/1238","targetHints":{"allow":["GET"]}}],"collection":[{"href":"https:\/\/www.nearo.eu\/en\/wp-json\/wp\/v2\/product"}],"about":[{"href":"https:\/\/www.nearo.eu\/en\/wp-json\/wp\/v2\/types\/product"}],"version-history":[{"count":0,"href":"https:\/\/www.nearo.eu\/en\/wp-json\/wp\/v2\/product\/1238\/revisions"}],"wp:featuredmedia":[{"embeddable":true,"href":"https:\/\/www.nearo.eu\/en\/wp-json\/wp\/v2\/media\/1058"}],"wp:attachment":[{"href":"https:\/\/www.nearo.eu\/en\/wp-json\/wp\/v2\/media?parent=1238"}],"wp:term":[{"taxonomy":"brand","embeddable":true,"href":"https:\/\/www.nearo.eu\/en\/wp-json\/wp\/v2\/etheme_brands?post=1238"},{"taxonomy":"product_brand","embeddable":true,"href":"https:\/\/www.nearo.eu\/en\/wp-json\/wp\/v2\/product_brand?post=1238"},{"taxonomy":"product_cat","embeddable":true,"href":"https:\/\/www.nearo.eu\/en\/wp-json\/wp\/v2\/product_cat?post=1238"},{"taxonomy":"product_tag","embeddable":true,"href":"https:\/\/www.nearo.eu\/en\/wp-json\/wp\/v2\/product_tag?post=1238"}],"curies":[{"name":"wp","href":"https:\/\/api.w.org\/{rel}","templated":true}]}}